{"id":68,"date":"2016-03-11T12:32:27","date_gmt":"2016-03-11T11:32:27","guid":{"rendered":"http:\/\/www.aufkleber-druck-profi.de\/?page_id=68"},"modified":"2017-12-04T14:27:28","modified_gmt":"2017-12-04T13:27:28","slug":"digitaldruck","status":"publish","type":"page","link":"http:\/\/klebebuchstaben-profi.de\/?page_id=68","title":{"rendered":"Digitaldruck"},"content":{"rendered":"<p>Eine Art das Material zu bedrucken, ist der Materialdruck.<\/p>\n<p>Er ist vorallem dann sehr hilfreich, wenn schnell gedruckt werden muss, da die Druckdaten direkt an den Drucker \u00fcbermittelt werden und dadurch direkt gedruckt werden kann.<\/p>\n<p>Ein Digitaldrucker funktioniert im Grunde wie der Tintenstrahldrucker (Inkjet), den man zu Hause stehen hat.<\/p>\n<p>Druckschablonen oder Druckformen sind nicht n\u00f6tig.<\/p>\n<p>Gro\u00dfformatige Logos und Autoaufkleber werden gr\u00f6\u00dftensteils so hergestellt.<\/p>\n<p>Gute Digitaldrucker benutzen hochwertige Tinte und haben eine sehr hohe Aufl\u00f6sung.<\/p>\n","protected":false},"excerpt":{"rendered":"<p>Eine Art das Material zu bedrucken, ist der Materialdruck. Er ist vorallem dann sehr hilfreich, wenn schnell gedruckt werden muss,<\/p>\n","protected":false},"author":1,"featured_media":0,"parent":0,"menu_order":0,"comment_status":"closed","ping_status":"closed","template":"","meta":{"footnotes":""},"_links":{"self":[{"href":"http:\/\/klebebuchstaben-profi.de\/index.php?rest_route=\/wp\/v2\/pages\/68"}],"collection":[{"href":"http:\/\/klebebuchstaben-profi.de\/index.php?rest_route=\/wp\/v2\/pages"}],"about":[{"href":"http:\/\/klebebuchstaben-profi.de\/index.php?rest_route=\/wp\/v2\/types\/page"}],"author":[{"embeddable":true,"href":"http:\/\/klebebuchstaben-profi.de\/index.php?rest_route=\/wp\/v2\/users\/1"}],"replies":[{"embeddable":true,"href":"http:\/\/klebebuchstaben-profi.de\/index.php?rest_route=%2Fwp%2Fv2%2Fcomments&post=68"}],"version-history":[{"count":3,"href":"http:\/\/klebebuchstaben-profi.de\/index.php?rest_route=\/wp\/v2\/pages\/68\/revisions"}],"predecessor-version":[{"id":316,"href":"http:\/\/klebebuchstaben-profi.de\/index.php?rest_route=\/wp\/v2\/pages\/68\/revisions\/316"}],"wp:attachment":[{"href":"http:\/\/klebebuchstaben-profi.de\/index.php?rest_route=%2Fwp%2Fv2%2Fmedia&parent=68"}],"curies":[{"name":"wp","href":"https:\/\/api.w.org\/{rel}","templated":true}]}}